{"id":24,"date":"2025-05-29T16:45:46","date_gmt":"2025-05-29T14:45:46","guid":{"rendered":"https:\/\/ugoferro.com\/?page_id=24"},"modified":"2026-01-13T03:14:38","modified_gmt":"2026-01-13T02:14:38","slug":"biography","status":"publish","type":"page","link":"https:\/\/ugoferro.com\/fr\/biography\/","title":{"rendered":"Biography"},"content":{"rendered":"<div class=\"wp-block-group\"><div class=\"wp-block-group__inner-container is-layout-constrained wp-block-group-is-layout-constrained\">\n<h2 class=\"wp-block-heading\">Education<\/h2>\n\n\n\n<p>2023 MFA, Ecole Nationale Sup\u00e9rieure des Beaux-Arts, Paris (FR)<br>2023 Exhibition Curator Diploma, Ecole Nationale Sup\u00e9rieure des Beaux-Arts, Paris (FR)<br>2022 California Institute of the Arts, Los Angeles (US)<br>2021 BFA, Ecole Nationale Sup\u00e9rieure des Beaux-Arts, Paris (FR)<br>2021 MA in Philosophy, Universit\u00e9 PSL (ENS &amp; EHESS), Paris (FR)<br>2019 BA in Philosophy, Paris-Ouest University, Nanterre (FR)<br>2019 BA in French and Comparative Literature, Paris-Ouest University, Nanterre (FR)<br>2016-19 Classe Pr\u00e9paratoire aux Grandes Ecoles, Lyc\u00e9e Condorcet, Paris (FR)<\/p>\n<\/div><\/div>\n\n\n\n<div class=\"wp-block-group\"><div class=\"wp-block-group__inner-container is-layout-constrained wp-block-group-is-layout-constrained\">\n<h2 class=\"wp-block-heading\">PERSONAL EXHIBITIONS<\/h2>\n\n\n\n<p>2025 <em>Twenty-five angels, dust &amp; bleach<\/em>, Ithaque, Paris (FR)\u2028<br>2025 <em>Ugo Ferro<\/em>, Elsa Lee Bruno, Los Angeles (US)<br>2023 <em>Comme un cheval de bataille<\/em> (with Sacha Boccara), La Tour Orion, Montreuil (FR)<br>2023 <em>Avec le grand regard de l\u2019animal, peut-\u00eatre<\/em>, grad show, Beaux-Arts de Paris, Paris (FR)&nbsp;<br>2022 <em>M\u00e9ridien<\/em>, Agn\u00e8s Schneider, Paris (FR)<br>2021 <em>Asa Nisi Masa<\/em>, BFA, Beaux-Arts de Paris, Paris (FR)&nbsp;<\/p>\n<\/div><\/div>\n\n\n\n<div class=\"wp-block-group\"><div class=\"wp-block-group__inner-container is-layout-constrained wp-block-group-is-layout-constrained\">\n<h2 class=\"wp-block-heading\">COLLECTIVE EXHIBITIONS (SELECTION)<\/h2>\n\n\n\n<p>2026<br><em>Jeans Generation<\/em>, Abigail Ogilvy Gallery, Los Angeles (US)<br>LA Art Show, Sabbatikal, Los Angeles (US)<br>2024 <br><em>Situations de l&#8217;image<\/em>, curated by Audrey Illouz, PhotoSaintGermain, Paris (FR)<br><em>Une totalit\u00e9 \u00e0 laquelle il nous arrive d\u2019avoir part<\/em>, curated by Ugo Casubolo Ferro, Beaux-Arts de Paris, Paris (FR)<br><em>Le Confident<\/em>, curated by Titi M. Cerina, Le Salon, Paris, (FR)\u2028<br><em>Unique objet de mon ressentiment<\/em>, IESA, Paris (FR)<br>2023 <br><em>Paperwork 2<\/em>, Cabanon, Zurich (CH)<br><em>Crush Index<\/em>, Elsa Lee Bruno, Los Angeles (US)<br><em>Paperwork<\/em>, Cabanon, Paris (FR)<br><em>Artists Invitation 2023<\/em>, Manoir du Plessis au Bois, Plessis au Bois (FR)<br><em>The Value of the Copy<\/em>, Chapelle des Petits Augustins, Paris (FR)\u00a0<br><em>Super Big Combo<\/em>, Beaux-Arts de Paris, Paris (FR)<br><em>Sur le Feu<\/em>, Palais des Beaux-Arts, Paris (FR)<br><em>Mondes Nouveaux<\/em>, Palais des \u00c9tudes des Beaux-Arts de Paris, Paris (FR)<br><em>CRUSH<\/em>, curated by Marc Donnadieu, Madeleine Math\u00e9 and St\u00e9phanie P\u00e9court,\u00a0Beaux-Arts de Paris, Paris (FR)<br><em>The Copy Project<\/em>, Lethaby Gallery, Central Saint Martins, Londres (UK)<br>2022 <br><em>CalArts EXPO 2022<\/em>, California Institute of the Arts, Los Angeles (US)<br>2021 <br>Foire Saint-Sulpice \/ Salon de la photographie, Paris (FR)<br><em>The Big Big Combo<\/em>, Beaux-Arts de Paris, Paris (FR)<br><em>Expo des 150<\/em>, Villa Radet Montmartre, Paris (FR)<br>2020 <br>Foire Saint-Sulpice \/ Salon de la photographie, Paris (FR)<\/p>\n<\/div><\/div>\n\n\n\n<div class=\"wp-block-group\"><div class=\"wp-block-group__inner-container is-layout-constrained wp-block-group-is-layout-constrained\">\n<h2 class=\"wp-block-heading\">PRIZES &amp; GRANTS<\/h2>\n\n\n\n<p>2024 Winner of the Nouveau Grand Tour 2024, Institut Fran\u00e7ais of Italy, residency in&nbsp;Argentiera (IT)\u2028<br>2023 Camera Clara International Photography Award 2023, finalist<br>2022 Production grant, Fonds de dotation Bredin Prat pour l\u2019art contemporain<br>2021 Scholarship, Fondation Malatier-Jacquet <br>2021 Mobility Grant, R\u00e9gion \u00cele-de-France<\/p>\n<\/div><\/div>\n\n\n\n<div class=\"wp-block-group\"><div class=\"wp-block-group__inner-container is-layout-constrained wp-block-group-is-layout-constrained\">\n<h2 class=\"wp-block-heading\">Other Artistic &amp; pedagogic activities<\/h2>\n\n\n\n<p>2025 Commission of 6 large format silver prints for photographer Ralf Marsault<br>2025 Photography for the forthcoming book <em>Techniques de la peinture<\/em> by Pascale Accoyer, published by Beaux-Arts de Paris \u00c9ditions, Paris<br>2022-25 Putney Student Travel (Oxford Program) at the American University of Paris,&nbsp; Large format photography and Portraiture workshop<br>2024-25 Payram, studio assistant<br>2021-25 Ralf Marsault, studio assistant<br>2021-25 Mark Lyon, studio assistant<br>2024 Commission of 9 large format silver prints, Personal exhibition of Val\u00e9rie Jouve at&nbsp;Galerie Xippas, Paris<br>2024 Commission of 4 large format silver prints, Personal exhibition of Gil Lesage at Galerie Les 2 Portes, Besan\u00e7on<br>2024 Exhibitions views of 5th-year diploma projects by graduating students, Beaux-Arts de Paris, Paris<br>2023 Commission of 3 large format silver prints for photographer Patrick Faigenbaum<br>2023 Gallery assistant (internship), Alix Dionot-Morani, Galerie Cr\u00e8vec\u0153ur<br>2020-22&nbsp;Chess, sports and cultural activities worshops in elementary school, Paris<br>2021 Photography manager assistant (internship), Sandro Moscogiuri, Meero<br>2019-20 Photography assistant (internship), Francesca Mantovani, Editions Gallimard<\/p>\n<\/div><\/div>","protected":false},"excerpt":{"rendered":"<p>Education 2023 MFA, Ecole Nationale Sup\u00e9rieure des Beaux-Arts, Paris (FR)2023 Exhibition Curator Diploma, Ecole Nationale Sup\u00e9rieure des Beaux-Arts, Paris (FR)2022 California Institute of the Arts, Los Angeles (US)2021 BFA, Ecole Nationale Sup\u00e9rieure des Beaux-Arts, Paris (FR)2021 MA in Philosophy, Universit\u00e9 PSL (ENS &amp; EHESS), Paris (FR)2019 BA in Philosophy, Paris-Ouest University, Nanterre (FR)2019 BA in [&hellip;]<\/p>","protected":false},"author":1,"featured_media":0,"parent":0,"menu_order":0,"comment_status":"closed","ping_status":"closed","template":"","meta":{"footnotes":""},"class_list":["post-24","page","type-page","status-publish","hentry"],"acf":[],"yoast_head":"<!-- This site is optimized with the Yoast SEO plugin v27.3 - https:\/\/yoast.com\/product\/yoast-seo-wordpress\/ -->\n<title>Biography - Ugo Casubolo Ferro<\/title>\n<meta name=\"robots\" content=\"index, follow, max-snippet:-1, max-image-preview:large, max-video-preview:-1\" \/>\n<link rel=\"canonical\" href=\"https:\/\/ugoferro.com\/fr\/biography\/\" \/>\n<meta property=\"og:locale\" content=\"fr_FR\" \/>\n<meta property=\"og:type\" content=\"article\" \/>\n<meta property=\"og:title\" content=\"Biography - Ugo Casubolo Ferro\" \/>\n<meta property=\"og:description\" content=\"Education 2023 MFA, Ecole Nationale Sup\u00e9rieure des Beaux-Arts, Paris (FR)2023 Exhibition Curator Diploma, Ecole Nationale Sup\u00e9rieure des Beaux-Arts, Paris (FR)2022 California Institute of the Arts, Los Angeles (US)2021 BFA, Ecole Nationale Sup\u00e9rieure des Beaux-Arts, Paris (FR)2021 MA in Philosophy, Universit\u00e9 PSL (ENS &amp; EHESS), Paris (FR)2019 BA in Philosophy, Paris-Ouest University, Nanterre (FR)2019 BA in [&hellip;]\" \/>\n<meta property=\"og:url\" content=\"https:\/\/ugoferro.com\/fr\/biography\/\" \/>\n<meta property=\"og:site_name\" content=\"Ugo Casubolo Ferro\" \/>\n<meta property=\"article:modified_time\" content=\"2026-01-13T02:14:38+00:00\" \/>\n<meta name=\"twitter:card\" content=\"summary_large_image\" \/>\n<meta name=\"twitter:label1\" content=\"Dur\u00e9e de lecture estim\u00e9e\" \/>\n\t<meta name=\"twitter:data1\" content=\"3 minutes\" \/>\n<script type=\"application\/ld+json\" class=\"yoast-schema-graph\">{\"@context\":\"https:\\\/\\\/schema.org\",\"@graph\":[{\"@type\":\"WebPage\",\"@id\":\"https:\\\/\\\/ugoferro.com\\\/biography\\\/\",\"url\":\"https:\\\/\\\/ugoferro.com\\\/biography\\\/\",\"name\":\"Biography - Ugo Casubolo Ferro\",\"isPartOf\":{\"@id\":\"https:\\\/\\\/ugoferro.com\\\/#website\"},\"datePublished\":\"2025-05-29T14:45:46+00:00\",\"dateModified\":\"2026-01-13T02:14:38+00:00\",\"breadcrumb\":{\"@id\":\"https:\\\/\\\/ugoferro.com\\\/biography\\\/#breadcrumb\"},\"inLanguage\":\"fr-FR\",\"potentialAction\":[{\"@type\":\"ReadAction\",\"target\":[\"https:\\\/\\\/ugoferro.com\\\/biography\\\/\"]}]},{\"@type\":\"BreadcrumbList\",\"@id\":\"https:\\\/\\\/ugoferro.com\\\/biography\\\/#breadcrumb\",\"itemListElement\":[{\"@type\":\"ListItem\",\"position\":1,\"name\":\"Accueil\",\"item\":\"https:\\\/\\\/ugoferro.com\\\/\"},{\"@type\":\"ListItem\",\"position\":2,\"name\":\"Biography\"}]},{\"@type\":\"WebSite\",\"@id\":\"https:\\\/\\\/ugoferro.com\\\/#website\",\"url\":\"https:\\\/\\\/ugoferro.com\\\/\",\"name\":\"Ugo Casubolo Ferro\",\"description\":\"Photographs\",\"publisher\":{\"@id\":\"https:\\\/\\\/ugoferro.com\\\/#\\\/schema\\\/person\\\/0a4fa634db0d105d3703d70ca946e06e\"},\"potentialAction\":[{\"@type\":\"SearchAction\",\"target\":{\"@type\":\"EntryPoint\",\"urlTemplate\":\"https:\\\/\\\/ugoferro.com\\\/?s={search_term_string}\"},\"query-input\":{\"@type\":\"PropertyValueSpecification\",\"valueRequired\":true,\"valueName\":\"search_term_string\"}}],\"inLanguage\":\"fr-FR\"},{\"@type\":[\"Person\",\"Organization\"],\"@id\":\"https:\\\/\\\/ugoferro.com\\\/#\\\/schema\\\/person\\\/0a4fa634db0d105d3703d70ca946e06e\",\"name\":\"Ugo Casubolo Ferro\",\"image\":{\"@type\":\"ImageObject\",\"inLanguage\":\"fr-FR\",\"@id\":\"https:\\\/\\\/ugoferro.com\\\/wp-content\\\/uploads\\\/2025\\\/06\\\/screenshot.png\",\"url\":\"https:\\\/\\\/ugoferro.com\\\/wp-content\\\/uploads\\\/2025\\\/06\\\/screenshot.png\",\"contentUrl\":\"https:\\\/\\\/ugoferro.com\\\/wp-content\\\/uploads\\\/2025\\\/06\\\/screenshot.png\",\"width\":880,\"height\":660,\"caption\":\"Ugo Casubolo Ferro\"},\"logo\":{\"@id\":\"https:\\\/\\\/ugoferro.com\\\/wp-content\\\/uploads\\\/2025\\\/06\\\/screenshot.png\"},\"description\":\"2023 MFA, Ecole Nationale Sup\u00e9rieure des Beaux-Arts, Paris (FR) 2023 Exhibition Curator Diploma, Ecole Nationale Sup\u00e9rieure des Beaux-Arts, Paris (FR) 2022 California Institute of the Arts, Los Angeles (US) 2021 BFA, Ecole Nationale Sup\u00e9rieure des Beaux-Arts, Paris (FR) 2021 MA in Philosophy, ENS-EHESS, Paris (FR) 2019 BA in Philosophy, Paris-Ouest University, Nanterre (FR) 2019 BA in French and comparative Literature, Paris-Ouest University, Nanterre (FR) 2016-19 Classe Pr\u00e9paratoire aux Grandes Ecoles, Lyc\u00e9e Condorcet, Paris (FR)\",\"sameAs\":[\"https:\\\/\\\/ugoferro.com\",\"https:\\\/\\\/www.instagram.com\\\/ugoferro\\\/\"]}]}<\/script>\n<!-- \/ Yoast SEO plugin. -->","yoast_head_json":{"title":"Biography - Ugo Casubolo Ferro","robots":{"index":"index","follow":"follow","max-snippet":"max-snippet:-1","max-image-preview":"max-image-preview:large","max-video-preview":"max-video-preview:-1"},"canonical":"https:\/\/ugoferro.com\/fr\/biography\/","og_locale":"fr_FR","og_type":"article","og_title":"Biography - Ugo Casubolo Ferro","og_description":"Education 2023 MFA, Ecole Nationale Sup\u00e9rieure des Beaux-Arts, Paris (FR)2023 Exhibition Curator Diploma, Ecole Nationale Sup\u00e9rieure des Beaux-Arts, Paris (FR)2022 California Institute of the Arts, Los Angeles (US)2021 BFA, Ecole Nationale Sup\u00e9rieure des Beaux-Arts, Paris (FR)2021 MA in Philosophy, Universit\u00e9 PSL (ENS &amp; EHESS), Paris (FR)2019 BA in Philosophy, Paris-Ouest University, Nanterre (FR)2019 BA in [&hellip;]","og_url":"https:\/\/ugoferro.com\/fr\/biography\/","og_site_name":"Ugo Casubolo Ferro","article_modified_time":"2026-01-13T02:14:38+00:00","twitter_card":"summary_large_image","twitter_misc":{"Dur\u00e9e de lecture estim\u00e9e":"3 minutes"},"schema":{"@context":"https:\/\/schema.org","@graph":[{"@type":"WebPage","@id":"https:\/\/ugoferro.com\/biography\/","url":"https:\/\/ugoferro.com\/biography\/","name":"Biography - Ugo Casubolo Ferro","isPartOf":{"@id":"https:\/\/ugoferro.com\/#website"},"datePublished":"2025-05-29T14:45:46+00:00","dateModified":"2026-01-13T02:14:38+00:00","breadcrumb":{"@id":"https:\/\/ugoferro.com\/biography\/#breadcrumb"},"inLanguage":"fr-FR","potentialAction":[{"@type":"ReadAction","target":["https:\/\/ugoferro.com\/biography\/"]}]},{"@type":"BreadcrumbList","@id":"https:\/\/ugoferro.com\/biography\/#breadcrumb","itemListElement":[{"@type":"ListItem","position":1,"name":"Accueil","item":"https:\/\/ugoferro.com\/"},{"@type":"ListItem","position":2,"name":"Biography"}]},{"@type":"WebSite","@id":"https:\/\/ugoferro.com\/#website","url":"https:\/\/ugoferro.com\/","name":"Ugo Casubolo Ferro","description":"Photographs","publisher":{"@id":"https:\/\/ugoferro.com\/#\/schema\/person\/0a4fa634db0d105d3703d70ca946e06e"},"potentialAction":[{"@type":"SearchAction","target":{"@type":"EntryPoint","urlTemplate":"https:\/\/ugoferro.com\/?s={search_term_string}"},"query-input":{"@type":"PropertyValueSpecification","valueRequired":true,"valueName":"search_term_string"}}],"inLanguage":"fr-FR"},{"@type":["Person","Organization"],"@id":"https:\/\/ugoferro.com\/#\/schema\/person\/0a4fa634db0d105d3703d70ca946e06e","name":"Ugo Casubolo Ferro","image":{"@type":"ImageObject","inLanguage":"fr-FR","@id":"https:\/\/ugoferro.com\/wp-content\/uploads\/2025\/06\/screenshot.png","url":"https:\/\/ugoferro.com\/wp-content\/uploads\/2025\/06\/screenshot.png","contentUrl":"https:\/\/ugoferro.com\/wp-content\/uploads\/2025\/06\/screenshot.png","width":880,"height":660,"caption":"Ugo Casubolo Ferro"},"logo":{"@id":"https:\/\/ugoferro.com\/wp-content\/uploads\/2025\/06\/screenshot.png"},"description":"2023 MFA, Ecole Nationale Sup\u00e9rieure des Beaux-Arts, Paris (FR) 2023 Exhibition Curator Diploma, Ecole Nationale Sup\u00e9rieure des Beaux-Arts, Paris (FR) 2022 California Institute of the Arts, Los Angeles (US) 2021 BFA, Ecole Nationale Sup\u00e9rieure des Beaux-Arts, Paris (FR) 2021 MA in Philosophy, ENS-EHESS, Paris (FR) 2019 BA in Philosophy, Paris-Ouest University, Nanterre (FR) 2019 BA in French and comparative Literature, Paris-Ouest University, Nanterre (FR) 2016-19 Classe Pr\u00e9paratoire aux Grandes Ecoles, Lyc\u00e9e Condorcet, Paris (FR)","sameAs":["https:\/\/ugoferro.com","https:\/\/www.instagram.com\/ugoferro\/"]}]}},"_links":{"self":[{"href":"https:\/\/ugoferro.com\/fr\/wp-json\/wp\/v2\/pages\/24","targetHints":{"allow":["GET"]}}],"collection":[{"href":"https:\/\/ugoferro.com\/fr\/wp-json\/wp\/v2\/pages"}],"about":[{"href":"https:\/\/ugoferro.com\/fr\/wp-json\/wp\/v2\/types\/page"}],"author":[{"embeddable":true,"href":"https:\/\/ugoferro.com\/fr\/wp-json\/wp\/v2\/users\/1"}],"replies":[{"embeddable":true,"href":"https:\/\/ugoferro.com\/fr\/wp-json\/wp\/v2\/comments?post=24"}],"version-history":[{"count":17,"href":"https:\/\/ugoferro.com\/fr\/wp-json\/wp\/v2\/pages\/24\/revisions"}],"predecessor-version":[{"id":402,"href":"https:\/\/ugoferro.com\/fr\/wp-json\/wp\/v2\/pages\/24\/revisions\/402"}],"wp:attachment":[{"href":"https:\/\/ugoferro.com\/fr\/wp-json\/wp\/v2\/media?parent=24"}],"curies":[{"name":"wp","href":"https:\/\/api.w.org\/{rel}","templated":true}]}}